{"id":378,"date":"2025-10-02T06:33:41","date_gmt":"2025-10-02T06:33:41","guid":{"rendered":"https:\/\/chirurgia-grzeskowiak.pl\/?page_id=378"},"modified":"2025-10-20T11:20:04","modified_gmt":"2025-10-20T11:20:04","slug":"chirurgia-ambulatoryjna","status":"publish","type":"page","link":"https:\/\/chirurgia-grzeskowiak.pl\/?page_id=378","title":{"rendered":"CHIRURGIA AMBULATORYJNA"},"content":{"rendered":"<p>[et_pb_section fb_built=&#8221;1&#8243; custom_padding_last_edited=&#8221;on|phone&#8221; admin_label=&#8221;FAQ&#8221; _builder_version=&#8221;4.24.0&#8243; background_color=&#8221;#f1f5f7&#8243; custom_margin=&#8221;|||&#8221; custom_padding=&#8221;50px|0|90px|0px|false|false&#8221; custom_padding_tablet=&#8221;50px|0|90px|0px|false|false&#8221; custom_padding_phone=&#8221;20px|0|30px|0px|false|false&#8221; border_radii=&#8221;||15vw||&#8221; global_colors_info=&#8221;{}&#8221;][et_pb_row _builder_version=&#8221;4.16&#8243; global_colors_info=&#8221;{}&#8221;][et_pb_column type=&#8221;4_4&#8243; _builder_version=&#8221;4.16&#8243; custom_padding=&#8221;|||&#8221; global_colors_info=&#8221;{}&#8221; custom_padding__hover=&#8221;|||&#8221;][et_pb_text _builder_version=&#8221;4.27.4&#8243; text_font=&#8221;Montserrat|300|||||||&#8221; text_font_size=&#8221;16px&#8221; text_line_height=&#8221;1.8em&#8221; header_font=&#8221;||||||||&#8221; header_2_font=&#8221;Montserrat|300|||||||&#8221; header_2_font_size=&#8221;40px&#8221; header_2_line_height=&#8221;1.5em&#8221; header_3_font=&#8221;Montserrat|300|||||||&#8221; header_3_font_size=&#8221;30px&#8221; custom_margin=&#8221;|||&#8221; custom_margin_tablet=&#8221;0px|50px||50px&#8221; custom_margin_last_edited=&#8221;off|desktop&#8221; custom_padding=&#8221;|||&#8221; header_2_font_size_tablet=&#8221;&#8221; header_2_font_size_phone=&#8221;30px&#8221; header_2_font_size_last_edited=&#8221;on|phone&#8221; locked=&#8221;off&#8221; global_colors_info=&#8221;{}&#8221;]<\/p>\n<h3>Chirurgia ambulatoryjna<\/h3>\n<p>[\/et_pb_text][et_pb_accordion closed_toggle_background_color=&#8221;#ffffff&#8221; toggle_icon=&#8221;&#xe044;||divi||400&#8243; icon_color=&#8221;#2f8cff&#8221; use_icon_font_size=&#8221;on&#8221; icon_font_size=&#8221;25px&#8221; _builder_version=&#8221;4.27.4&#8243; toggle_font=&#8221;Montserrat|300|||||||&#8221; toggle_font_size=&#8221;20px&#8221; toggle_line_height=&#8221;1.6em&#8221; body_font=&#8221;Montserrat||||||||&#8221; body_font_size=&#8221;16px&#8221; body_line_height=&#8221;2em&#8221; custom_margin_tablet=&#8221;&#8221; custom_margin_phone=&#8221;|0px||0px|false|false&#8221; custom_margin_last_edited=&#8221;on|phone&#8221; custom_padding=&#8221;|35px||35px|false|false&#8221; custom_padding_tablet=&#8221;|35px||35px|false|false&#8221; custom_padding_phone=&#8221;|0px||0px|false|false&#8221; custom_padding_last_edited=&#8221;on|phone&#8221; animation_style=&#8221;zoom&#8221; animation_direction=&#8221;top&#8221; animation_intensity_zoom=&#8221;10%&#8221; body_font_tablet=&#8221;Montserrat||||||||&#8221; body_font_phone=&#8221;Montserrat||||||||&#8221; body_font_last_edited=&#8221;on|phone&#8221; border_radii=&#8221;on|10px|10px|10px|10px&#8221; border_width_all=&#8221;0px&#8221; global_colors_info=&#8221;{}&#8221;][et_pb_accordion_item open=&#8221;on&#8221; _builder_version=&#8221;4.27.4&#8243; body_font=&#8221;Montserrat|500|||||||&#8221; text_orientation=&#8221;left&#8221; global_colors_info=&#8221;{}&#8221;]<\/p>\n<ul>\n<li>Chirurgiczne usuwanie zmian sk\u00f3rnych (znamion, brodawki, raki podstawnokom\u00f3rkowe)<\/li>\n<li>Laserowe usuwanie zmian sk\u00f3rnych (w\u0142\u00f3kniak\u00f3w, brodawek, naczyniak\u00f3w). Zabiegi wykonuje przy u\u017cyciu lasera CO2, nowoczesnego lasera erbowo-yagowego oraz metod\u0105 plazmow\u0105 przy wykorzystaniu urz\u0105dzenia OMNIA HMS<\/li>\n<li>Chirurgiczne usuwanie zmian \u015br\u00f3dnask\u00f3rkowych (kaszaki) oraz guz\u00f3w z tkanki t\u0142uszczowej (t\u0142uszczaki)<\/li>\n<li>Chirurgiczne leczenie wrastaj\u0105cych paznokci<\/li>\n<li>Leczenie oraz chirurgiczne opracowanie ran przewlek\u0142ych oraz owrzodze\u0144<\/li>\n<li>Leczenie owrzodze\u0144 \u017cylnych osoczem bogatop\u0142ykowym<\/li>\n<li>Laserowe leczenie brodawek wirusowych<\/li>\n<li>Iniekcje dostawowe i oko\u0142ostawowe preparatami kolagenu, kwasu hialuronowego, osoczem bogatop\u0142ytkowym, preparatami steroidowymi<\/li>\n<li>Chirurgiczne leczenia ran pooparzeniowych z wykorzystaniem aktualnie dost\u0119pnych najnowszych technik<\/li>\n<li>Leczenie zabiegowe torbieli galaretowatych (ganglion\u00f3w)<\/li>\n<li>Zabiegi podpowi\u0119ziowej implantacji wszywki Esperalu (disulfiramu)<\/li>\n<\/ul>\n<p>[\/et_pb_accordion_item][\/et_pb_accordion][\/et_pb_column][\/et_pb_row][\/et_pb_section][et_pb_section fb_built=&#8221;1&#8243; admin_label=&#8221;Call To Action&#8221; _builder_version=&#8221;4.27.4&#8243; background_color=&#8221;#f1f5f7&#8243; background_enable_image=&#8221;off&#8221; background_size=&#8221;contain&#8221; background_position=&#8221;center_left&#8221; custom_margin=&#8221;0px|0px|0px|0px&#8221; custom_padding=&#8221;0|0px|0|0px|false|false&#8221; border_color_all=&#8221;#f1f5f7&#8243; border_width_bottom=&#8221;50px&#8221; global_module=&#8221;105&#8243; saved_tabs=&#8221;all&#8221; global_colors_info=&#8221;{}&#8221;][et_pb_row use_custom_gutter=&#8221;on&#8221; custom_padding_last_edited=&#8221;on|phone&#8221; _builder_version=&#8221;4.27.4&#8243; use_background_color_gradient=&#8221;on&#8221; background_color_gradient_stops=&#8221;rgba(49,128,192,0.2) 0%|#194b84 100%&#8221; background_color_gradient_overlays_image=&#8221;on&#8221; background_color_gradient_start=&#8221;rgba(49,128,192,0.2)&#8221; background_color_gradient_end=&#8221;rgba(49,128,192,0.6)&#8221; background_image=&#8221;https:\/\/chirurgia-grzeskowiak.pl\/wp-content\/uploads\/2024\/02\/doctor_contact-\u2014-kopia.jpg&#8221; width=&#8221;93%&#8221; max_width=&#8221;93%&#8221; module_alignment=&#8221;right&#8221; custom_margin=&#8221;|||&#8221; custom_margin_phone=&#8221;|||&#8221; custom_margin_last_edited=&#8221;off|desktop&#8221; custom_padding=&#8221;100px|40px|100px|40px|true|true&#8221; custom_padding_tablet=&#8221;&#8221; custom_padding_phone=&#8221;50px|40px|50px|40px|true|true&#8221; animation_direction=&#8221;right&#8221; border_radii=&#8221;|30px|||30px&#8221; box_shadow_style=&#8221;preset3&#8243; box_shadow_vertical=&#8221;30px&#8221; box_shadow_blur=&#8221;80px&#8221; box_shadow_spread=&#8221;-30px&#8221; box_shadow_color=&#8221;rgba(102,141,186,0.7)&#8221; use_custom_width=&#8221;on&#8221; width_unit=&#8221;off&#8221; custom_width_percent=&#8221;93%&#8221; global_colors_info=&#8221;{}&#8221;][et_pb_column type=&#8221;4_4&#8243; _builder_version=&#8221;4.16&#8243; custom_padding=&#8221;|||&#8221; global_colors_info=&#8221;{}&#8221; custom_padding__hover=&#8221;|||&#8221;][et_pb_text _builder_version=&#8221;4.24.0&#8243; header_font=&#8221;||||||||&#8221; header_2_font=&#8221;Montserrat|300|||||||&#8221; header_2_text_align=&#8221;center&#8221; header_2_text_color=&#8221;#ffffff&#8221; header_2_font_size=&#8221;55px&#8221; header_2_line_height=&#8221;1.4em&#8221; max_width=&#8221;900px&#8221; module_alignment=&#8221;center&#8221; header_2_font_size_tablet=&#8221;40px&#8221; header_2_font_size_phone=&#8221;30px&#8221; header_2_font_size_last_edited=&#8221;on|phone&#8221; global_colors_info=&#8221;{}&#8221;]<\/p>\n<h2>Zapytaj ju\u017c teraz<\/h2>\n<p>[\/et_pb_text][et_pb_text disabled_on=&#8221;on|on|off&#8221; _builder_version=&#8221;4.24.1&#8243; text_font=&#8221;Montserrat|300|||||||&#8221; text_font_size=&#8221;22px&#8221; header_font=&#8221;||||||||&#8221; text_orientation=&#8221;center&#8221; background_layout=&#8221;dark&#8221; global_colors_info=&#8221;{}&#8221;]<\/p>\n<p>Skorzystaj z poni\u017cszego formularza<\/p>\n<p><span style=\"color: #ffffff;\"><a href=\"https:\/\/chirurgia-grzeskowiak.pl\/?page_id=93\" style=\"color: #ffffff;\"><strong>lub przejd\u017a do zak\u0142adki kontakt<\/strong><\/a><\/span><\/p>\n<p>[\/et_pb_text][et_pb_text disabled_on=&#8221;off|off|on&#8221; _builder_version=&#8221;4.24.1&#8243; text_font=&#8221;Montserrat|300|||||||&#8221; text_font_size=&#8221;22px&#8221; header_font=&#8221;||||||||&#8221; text_orientation=&#8221;center&#8221; background_layout=&#8221;dark&#8221; global_colors_info=&#8221;{}&#8221;]<\/p>\n<p>Skorzystaj z poni\u017cszego formularza<\/p>\n<p><span style=\"color: #ffffff;\"><a href=\"https:\/\/chirurgia-grzeskowiak.pl\/?page_id=93\" style=\"color: #ffffff;\"><strong>lub przejd\u017a do zak\u0142adki kontakt<\/strong><\/a><\/span><\/p>\n<p>[\/et_pb_text][et_pb_contact_form captcha=&#8221;off&#8221; email=&#8221;jedrzej.grzeskowiak@gmail.com&#8221; success_message=&#8221;Dzi\u0119kujemy. Wkr\u00f3tce si\u0119 z Tob\u0105 skontaktujemy.&#8221; submit_button_text=&#8221;wy\u015blij zapytanie&#8221; admin_label=&#8221;Contact Form&#8221; module_id=&#8221;et_pb_contact_form_0&#8243; _builder_version=&#8221;4.24.1&#8243; form_field_background_color=&#8221;#ffffff&#8221; form_field_text_color=&#8221;rgba(0,0,0,0.4)&#8221; title_font=&#8221;||||||||&#8221; form_field_font=&#8221;Montserrat||||||||&#8221; form_field_line_height=&#8221;1.8em&#8221; custom_button=&#8221;on&#8221; button_text_size=&#8221;14px&#8221; button_text_color=&#8221;#0C71C3&#8243; button_bg_color=&#8221;#FFFFFF&#8221; button_border_width=&#8221;9px&#8221; button_border_color=&#8221;#FFFFFF&#8221; button_border_radius=&#8221;31px&#8221; button_letter_spacing=&#8221;1px&#8221; button_font=&#8221;Montserrat|500|||||||&#8221; max_width=&#8221;800px&#8221; module_alignment=&#8221;center&#8221; border_radii=&#8221;on|8px|8px|8px|8px&#8221; form_background_color=&#8221;#ffffff&#8221; global_colors_info=&#8221;{}&#8221;][et_pb_contact_field field_id=&#8221;Name&#8221; field_title=&#8221;Imi\u0119 i nazwisko&#8221; _builder_version=&#8221;4.24.0&#8243; global_colors_info=&#8221;{}&#8221; button_text_size__hover_enabled=&#8221;off&#8221; button_one_text_size__hover_enabled=&#8221;off&#8221; button_two_text_size__hover_enabled=&#8221;off&#8221; button_text_color__hover_enabled=&#8221;off&#8221; button_one_text_color__hover_enabled=&#8221;off&#8221; button_two_text_color__hover_enabled=&#8221;off&#8221; button_border_width__hover_enabled=&#8221;off&#8221; button_one_border_width__hover_enabled=&#8221;off&#8221; button_two_border_width__hover_enabled=&#8221;off&#8221; button_border_color__hover_enabled=&#8221;off&#8221; button_one_border_color__hover_enabled=&#8221;off&#8221; button_two_border_color__hover_enabled=&#8221;off&#8221; button_border_radius__hover_enabled=&#8221;off&#8221; button_one_border_radius__hover_enabled=&#8221;off&#8221; button_two_border_radius__hover_enabled=&#8221;off&#8221; button_letter_spacing__hover_enabled=&#8221;off&#8221; button_one_letter_spacing__hover_enabled=&#8221;off&#8221; button_two_letter_spacing__hover_enabled=&#8221;off&#8221; button_bg_color__hover_enabled=&#8221;off&#8221; button_one_bg_color__hover_enabled=&#8221;off&#8221; button_two_bg_color__hover_enabled=&#8221;off&#8221;][\/et_pb_contact_field][et_pb_contact_field field_id=&#8221;Phone&#8221; field_title=&#8221;Telefon kontaktowy lub email&#8221; field_type=&#8221;email&#8221; _builder_version=&#8221;4.24.0&#8243; global_colors_info=&#8221;{}&#8221; button_text_size__hover_enabled=&#8221;off&#8221; button_one_text_size__hover_enabled=&#8221;off&#8221; button_two_text_size__hover_enabled=&#8221;off&#8221; button_text_color__hover_enabled=&#8221;off&#8221; button_one_text_color__hover_enabled=&#8221;off&#8221; button_two_text_color__hover_enabled=&#8221;off&#8221; button_border_width__hover_enabled=&#8221;off&#8221; button_one_border_width__hover_enabled=&#8221;off&#8221; button_two_border_width__hover_enabled=&#8221;off&#8221; button_border_color__hover_enabled=&#8221;off&#8221; button_one_border_color__hover_enabled=&#8221;off&#8221; button_two_border_color__hover_enabled=&#8221;off&#8221; button_border_radius__hover_enabled=&#8221;off&#8221; button_one_border_radius__hover_enabled=&#8221;off&#8221; button_two_border_radius__hover_enabled=&#8221;off&#8221; button_letter_spacing__hover_enabled=&#8221;off&#8221; button_one_letter_spacing__hover_enabled=&#8221;off&#8221; button_two_letter_spacing__hover_enabled=&#8221;off&#8221; button_bg_color__hover_enabled=&#8221;off&#8221; button_one_bg_color__hover_enabled=&#8221;off&#8221; button_two_bg_color__hover_enabled=&#8221;off&#8221;][\/et_pb_contact_field][et_pb_contact_field field_id=&#8221;Message&#8221; field_title=&#8221;Tre\u015b\u0107 zapytania&#8221; field_type=&#8221;text&#8221; fullwidth_field=&#8221;on&#8221; _builder_version=&#8221;4.24.0&#8243; global_colors_info=&#8221;{}&#8221; button_text_size__hover_enabled=&#8221;off&#8221; button_one_text_size__hover_enabled=&#8221;off&#8221; button_two_text_size__hover_enabled=&#8221;off&#8221; button_text_color__hover_enabled=&#8221;off&#8221; button_one_text_color__hover_enabled=&#8221;off&#8221; button_two_text_color__hover_enabled=&#8221;off&#8221; button_border_width__hover_enabled=&#8221;off&#8221; button_one_border_width__hover_enabled=&#8221;off&#8221; button_two_border_width__hover_enabled=&#8221;off&#8221; button_border_color__hover_enabled=&#8221;off&#8221; button_one_border_color__hover_enabled=&#8221;off&#8221; button_two_border_color__hover_enabled=&#8221;off&#8221; button_border_radius__hover_enabled=&#8221;off&#8221; button_one_border_radius__hover_enabled=&#8221;off&#8221; button_two_border_radius__hover_enabled=&#8221;off&#8221; button_letter_spacing__hover_enabled=&#8221;off&#8221; button_one_letter_spacing__hover_enabled=&#8221;off&#8221; button_two_letter_spacing__hover_enabled=&#8221;off&#8221; button_bg_color__hover_enabled=&#8221;off&#8221; button_one_bg_color__hover_enabled=&#8221;off&#8221; button_two_bg_color__hover_enabled=&#8221;off&#8221;][\/et_pb_contact_field][\/et_pb_contact_form][\/et_pb_column][\/et_pb_row][\/et_pb_section]<\/p>\n","protected":false},"excerpt":{"rendered":"<p>Chirurgia ambulatoryjna Chirurgiczne usuwanie zmian sk\u00f3rnych (znamion, brodawki, raki podstawnokom\u00f3rkowe) Laserowe usuwanie zmian sk\u00f3rnych (w\u0142\u00f3kniak\u00f3w, brodawek, naczyniak\u00f3w). Zabiegi wykonuje przy u\u017cyciu lasera CO2, nowoczesnego lasera erbowo-yagowego oraz metod\u0105 plazmow\u0105 przy wykorzystaniu urz\u0105dzenia OMNIA HMS Chirurgiczne usuwanie zmian \u015br\u00f3dnask\u00f3rkowych (kaszaki) oraz guz\u00f3w z tkanki t\u0142uszczowej (t\u0142uszczaki) Chirurgiczne leczenie wrastaj\u0105cych paznokci Leczenie oraz chirurgiczne opracowanie ran przewlek\u0142ych [&hellip;]<\/p>\n","protected":false},"author":1,"featured_media":0,"parent":0,"menu_order":0,"comment_status":"closed","ping_status":"closed","template":"","meta":{"_et_pb_use_builder":"on","_et_pb_old_content":"","_et_gb_content_width":"","footnotes":""},"class_list":["post-378","page","type-page","status-publish","hentry"],"yoast_head":"<!-- This site is optimized with the Yoast SEO plugin v27.4 - https:\/\/yoast.com\/product\/yoast-seo-wordpress\/ -->\n<title>Chirurgia ambulatoryjna Gosty\u0144 | Chirurgia Grze\u015bkowiak<\/title>\n<meta name=\"description\" content=\"Nowoczesna chirurgia ambulatoryjna w Gostyniu. Usuwanie zmian sk\u00f3rnych, znamion, brodawek i t\u0142uszczak\u00f3w. Zabiegi laserowe CO\u2082 i Er:YAG.\" \/>\n<meta name=\"robots\" content=\"index, follow, max-snippet:-1, max-image-preview:large, max-video-preview:-1\" \/>\n<link rel=\"canonical\" href=\"https:\/\/chirurgia-grzeskowiak.pl\/?page_id=378\" \/>\n<meta property=\"og:locale\" content=\"pl_PL\" \/>\n<meta property=\"og:type\" content=\"article\" \/>\n<meta property=\"og:title\" content=\"Chirurgia ambulatoryjna Gosty\u0144 | Chirurgia Grze\u015bkowiak\" \/>\n<meta property=\"og:description\" content=\"Nowoczesna chirurgia ambulatoryjna w Gostyniu. Usuwanie zmian sk\u00f3rnych, znamion, brodawek i t\u0142uszczak\u00f3w. Zabiegi laserowe CO\u2082 i Er:YAG.\" \/>\n<meta property=\"og:url\" content=\"https:\/\/chirurgia-grzeskowiak.pl\/?page_id=378\" \/>\n<meta property=\"og:site_name\" content=\"Chirurgia Grze\u015bkowiak J\u0119drzej Gosty\u0144\" \/>\n<meta property=\"article:modified_time\" content=\"2025-10-20T11:20:04+00:00\" \/>\n<meta name=\"twitter:card\" content=\"summary_large_image\" \/>\n<meta name=\"twitter:label1\" content=\"Szacowany czas czytania\" \/>\n\t<meta name=\"twitter:data1\" content=\"1 minuta\" \/>\n<script type=\"application\/ld+json\" class=\"yoast-schema-graph\">{\"@context\":\"https:\\\/\\\/schema.org\",\"@graph\":[{\"@type\":\"WebPage\",\"@id\":\"https:\\\/\\\/chirurgia-grzeskowiak.pl\\\/?page_id=378\",\"url\":\"https:\\\/\\\/chirurgia-grzeskowiak.pl\\\/?page_id=378\",\"name\":\"Chirurgia ambulatoryjna Gosty\u0144 | Chirurgia Grze\u015bkowiak\",\"isPartOf\":{\"@id\":\"https:\\\/\\\/chirurgia-grzeskowiak.pl\\\/#website\"},\"datePublished\":\"2025-10-02T06:33:41+00:00\",\"dateModified\":\"2025-10-20T11:20:04+00:00\",\"description\":\"Nowoczesna chirurgia ambulatoryjna w Gostyniu. Usuwanie zmian sk\u00f3rnych, znamion, brodawek i t\u0142uszczak\u00f3w. Zabiegi laserowe CO\u2082 i Er:YAG.\",\"breadcrumb\":{\"@id\":\"https:\\\/\\\/chirurgia-grzeskowiak.pl\\\/?page_id=378#breadcrumb\"},\"inLanguage\":\"pl-PL\",\"potentialAction\":[{\"@type\":\"ReadAction\",\"target\":[\"https:\\\/\\\/chirurgia-grzeskowiak.pl\\\/?page_id=378\"]}]},{\"@type\":\"BreadcrumbList\",\"@id\":\"https:\\\/\\\/chirurgia-grzeskowiak.pl\\\/?page_id=378#breadcrumb\",\"itemListElement\":[{\"@type\":\"ListItem\",\"position\":1,\"name\":\"Strona g\u0142\u00f3wna\",\"item\":\"https:\\\/\\\/chirurgia-grzeskowiak.pl\\\/\"},{\"@type\":\"ListItem\",\"position\":2,\"name\":\"CHIRURGIA AMBULATORYJNA\"}]},{\"@type\":\"WebSite\",\"@id\":\"https:\\\/\\\/chirurgia-grzeskowiak.pl\\\/#website\",\"url\":\"https:\\\/\\\/chirurgia-grzeskowiak.pl\\\/\",\"name\":\"Chirurgia Grze\u015bkowiak J\u0119drzej Gosty\u0144\",\"description\":\"chirurgia ambulatoryjna, szpitalna, estetyczna\",\"potentialAction\":[{\"@type\":\"SearchAction\",\"target\":{\"@type\":\"EntryPoint\",\"urlTemplate\":\"https:\\\/\\\/chirurgia-grzeskowiak.pl\\\/?s={search_term_string}\"},\"query-input\":{\"@type\":\"PropertyValueSpecification\",\"valueRequired\":true,\"valueName\":\"search_term_string\"}}],\"inLanguage\":\"pl-PL\"}]}<\/script>\n<!-- \/ Yoast SEO plugin. -->","yoast_head_json":{"title":"Chirurgia ambulatoryjna Gosty\u0144 | Chirurgia Grze\u015bkowiak","description":"Nowoczesna chirurgia ambulatoryjna w Gostyniu. Usuwanie zmian sk\u00f3rnych, znamion, brodawek i t\u0142uszczak\u00f3w. Zabiegi laserowe CO\u2082 i Er:YAG.","robots":{"index":"index","follow":"follow","max-snippet":"max-snippet:-1","max-image-preview":"max-image-preview:large","max-video-preview":"max-video-preview:-1"},"canonical":"https:\/\/chirurgia-grzeskowiak.pl\/?page_id=378","og_locale":"pl_PL","og_type":"article","og_title":"Chirurgia ambulatoryjna Gosty\u0144 | Chirurgia Grze\u015bkowiak","og_description":"Nowoczesna chirurgia ambulatoryjna w Gostyniu. Usuwanie zmian sk\u00f3rnych, znamion, brodawek i t\u0142uszczak\u00f3w. Zabiegi laserowe CO\u2082 i Er:YAG.","og_url":"https:\/\/chirurgia-grzeskowiak.pl\/?page_id=378","og_site_name":"Chirurgia Grze\u015bkowiak J\u0119drzej Gosty\u0144","article_modified_time":"2025-10-20T11:20:04+00:00","twitter_card":"summary_large_image","twitter_misc":{"Szacowany czas czytania":"1 minuta"},"schema":{"@context":"https:\/\/schema.org","@graph":[{"@type":"WebPage","@id":"https:\/\/chirurgia-grzeskowiak.pl\/?page_id=378","url":"https:\/\/chirurgia-grzeskowiak.pl\/?page_id=378","name":"Chirurgia ambulatoryjna Gosty\u0144 | Chirurgia Grze\u015bkowiak","isPartOf":{"@id":"https:\/\/chirurgia-grzeskowiak.pl\/#website"},"datePublished":"2025-10-02T06:33:41+00:00","dateModified":"2025-10-20T11:20:04+00:00","description":"Nowoczesna chirurgia ambulatoryjna w Gostyniu. Usuwanie zmian sk\u00f3rnych, znamion, brodawek i t\u0142uszczak\u00f3w. Zabiegi laserowe CO\u2082 i Er:YAG.","breadcrumb":{"@id":"https:\/\/chirurgia-grzeskowiak.pl\/?page_id=378#breadcrumb"},"inLanguage":"pl-PL","potentialAction":[{"@type":"ReadAction","target":["https:\/\/chirurgia-grzeskowiak.pl\/?page_id=378"]}]},{"@type":"BreadcrumbList","@id":"https:\/\/chirurgia-grzeskowiak.pl\/?page_id=378#breadcrumb","itemListElement":[{"@type":"ListItem","position":1,"name":"Strona g\u0142\u00f3wna","item":"https:\/\/chirurgia-grzeskowiak.pl\/"},{"@type":"ListItem","position":2,"name":"CHIRURGIA AMBULATORYJNA"}]},{"@type":"WebSite","@id":"https:\/\/chirurgia-grzeskowiak.pl\/#website","url":"https:\/\/chirurgia-grzeskowiak.pl\/","name":"Chirurgia Grze\u015bkowiak J\u0119drzej Gosty\u0144","description":"chirurgia ambulatoryjna, szpitalna, estetyczna","potentialAction":[{"@type":"SearchAction","target":{"@type":"EntryPoint","urlTemplate":"https:\/\/chirurgia-grzeskowiak.pl\/?s={search_term_string}"},"query-input":{"@type":"PropertyValueSpecification","valueRequired":true,"valueName":"search_term_string"}}],"inLanguage":"pl-PL"}]}},"_links":{"self":[{"href":"https:\/\/chirurgia-grzeskowiak.pl\/index.php?rest_route=\/wp\/v2\/pages\/378","targetHints":{"allow":["GET"]}}],"collection":[{"href":"https:\/\/chirurgia-grzeskowiak.pl\/index.php?rest_route=\/wp\/v2\/pages"}],"about":[{"href":"https:\/\/chirurgia-grzeskowiak.pl\/index.php?rest_route=\/wp\/v2\/types\/page"}],"author":[{"embeddable":true,"href":"https:\/\/chirurgia-grzeskowiak.pl\/index.php?rest_route=\/wp\/v2\/users\/1"}],"replies":[{"embeddable":true,"href":"https:\/\/chirurgia-grzeskowiak.pl\/index.php?rest_route=%2Fwp%2Fv2%2Fcomments&post=378"}],"version-history":[{"count":4,"href":"https:\/\/chirurgia-grzeskowiak.pl\/index.php?rest_route=\/wp\/v2\/pages\/378\/revisions"}],"predecessor-version":[{"id":531,"href":"https:\/\/chirurgia-grzeskowiak.pl\/index.php?rest_route=\/wp\/v2\/pages\/378\/revisions\/531"}],"wp:attachment":[{"href":"https:\/\/chirurgia-grzeskowiak.pl\/index.php?rest_route=%2Fwp%2Fv2%2Fmedia&parent=378"}],"curies":[{"name":"wp","href":"https:\/\/api.w.org\/{rel}","templated":true}]}}